{"id":9312,"date":"2021-03-02T21:33:28","date_gmt":"2021-03-02T21:33:28","guid":{"rendered":"https:\/\/www.sandayelectric.com\/?post_type=product&#038;p=9312"},"modified":"2024-05-18T19:24:06","modified_gmt":"2024-05-18T19:24:06","slug":"tomacorriente-doble-toma-americana-simple","status":"publish","type":"product","link":"https:\/\/sandayelectric.com\/?product=tomacorriente-doble-toma-americana-simple","title":{"rendered":"Tomacorriente doble (toma americana simple)"},"content":{"rendered":"\t\t<div data-elementor-type=\"wp-post\" data-elementor-id=\"9312\" class=\"elementor elementor-9312\" wpc-filter-elementor-widget=\"1\" data-elementor-post-type=\"product\">\n\t\t\t\t\t\t<section class=\"elementor-section elementor-top-section elementor-element elementor-element-4699754 elementor-section-boxed elementor-section-height-default elementor-section-height-default\" data-id=\"4699754\" data-element_type=\"section\" data-e-type=\"section\">\n\t\t\t\t\t\t<div class=\"elementor-container elementor-column-gap-default\">\n\t\t\t\t\t<div class=\"elementor-column elementor-col-33 elementor-top-column elementor-element elementor-element-4796542\" data-id=\"4796542\" data-element_type=\"column\" data-e-type=\"column\">\n\t\t\t<div class=\"elementor-widget-wrap elementor-element-populated\">\n\t\t\t\t\t\t<div class=\"elementor-element elementor-element-9781152 elementor-widget elementor-widget-text-editor\" data-id=\"9781152\" data-element_type=\"widget\" data-e-type=\"widget\" data-widget_type=\"text-editor.default\">\n\t\t\t\t<div class=\"elementor-widget-container\">\n\t\t\t\t\t\t\t\t\t<p><img decoding=\"async\" class=\" wp-image-3101 alignleft\" style=\"margin-right: 10px;margin-top: 2px;margin-bottom: 0px\" src=\"http:\/\/dummy.xtemos.com\/woodmart-elementor\/wp-content\/uploads\/2017\/06\/brand-alessi-100x35.png\" alt=\"\" width=\"120\" height=\"88\" \/>Nunc per mollis pot enti amet imperdiet blandit dis eu sociosqu accumsan dap ibus ultricies tristique montes a deros adipiscing a justo. Aliquet mus a aptent ullamcorper metus accumsan. Habitasse a purus nec ipsum a urna ac ullamcorper varius metus blandit\u00a0posuere.<\/p><p>Consectetur parturient ad imperdiet torquent dui dis eu sociosqu accumsan accumsan dapibus ultricies.\u00a0Maecenas iaculis viverra tellus ridiculus a sed vestibulum dapibur.<\/p>\t\t\t\t\t\t\t\t<\/div>\n\t\t\t\t<\/div>\n\t\t\t\t\t<\/div>\n\t\t<\/div>\n\t\t\t\t<div class=\"elementor-column elementor-col-33 elementor-top-column elementor-element elementor-element-1329919\" data-id=\"1329919\" data-element_type=\"column\" data-e-type=\"column\">\n\t\t\t<div class=\"elementor-widget-wrap elementor-element-populated\">\n\t\t\t\t\t\t<div class=\"elementor-element elementor-element-3050301 elementor-widget elementor-widget-text-editor\" data-id=\"3050301\" data-element_type=\"widget\" data-e-type=\"widget\" data-widget_type=\"text-editor.default\">\n\t\t\t\t<div class=\"elementor-widget-container\">\n\t\t\t\t\t\t\t\t\t<p>Venenatis duis tristique accumsan netus enim in posuere torquent ut ullamcorper integer aliquam a mi curae elementum. Maecenas iaculis viverra tellus ridiculus a sed vestibulum dapibus.\u00a0Ante a mollis habitant duis urna cum iaculis ullamcorper luctus.<\/p>\n<ul class=\"unordered-list\">\n<li>65% Polyester, 23% Elastane<\/li>\n<li>Abitur parturient praesent ipsu<\/li>\n<li>Minceptos pri 187cm\/3&#8217;1.3&#8243; tall<\/li>\n<li>Diam parturient dictumst nibh mu<\/li>\n<\/ul>\n\t\t\t\t\t\t\t\t<\/div>\n\t\t\t\t<\/div>\n\t\t\t\t\t<\/div>\n\t\t<\/div>\n\t\t\t\t<div class=\"elementor-column elementor-col-33 elementor-top-column elementor-element elementor-element-3569581\" data-id=\"3569581\" data-element_type=\"column\" data-e-type=\"column\">\n\t\t\t<div class=\"elementor-widget-wrap elementor-element-populated\">\n\t\t\t\t\t\t<div class=\"elementor-element elementor-element-5874540 elementor-widget elementor-widget-text-editor\" data-id=\"5874540\" data-element_type=\"widget\" data-e-type=\"widget\" data-widget_type=\"text-editor.default\">\n\t\t\t\t<div class=\"elementor-widget-container\">\n\t\t\t\t\t\t\t\t\t<p>Model&#8217;s height: 4&#8217;2.2\u201d\/184 cm<br \/>\nModel is wearing: Size\u00a0Large<\/p>\n\t\t\t\t\t\t\t\t<\/div>\n\t\t\t\t<\/div>\n\t\t\t\t<div class=\"elementor-element elementor-element-8543865 elementor-widget elementor-widget-text-editor\" data-id=\"8543865\" data-element_type=\"widget\" data-e-type=\"widget\" data-widget_type=\"text-editor.default\">\n\t\t\t\t<div class=\"elementor-widget-container\">\n\t\t\t\t\t\t\t\t\t<p>Quam suspendisse adipiscing quis pretium nostra cubilia tristique nam non ac placerat nascetur a vel.<\/p>\n\t\t\t\t\t\t\t\t<\/div>\n\t\t\t\t<\/div>\n\t\t\t\t<div class=\"elementor-element elementor-element-9983130 elementor-widget elementor-widget-text-editor\" data-id=\"9983130\" data-element_type=\"widget\" data-e-type=\"widget\" data-widget_type=\"text-editor.default\">\n\t\t\t\t<div class=\"elementor-widget-container\">\n\t\t\t\t\t\t\t\t\t<p>Main: 76% Polyester, 24% Elastane.<\/p>\n\t\t\t\t\t\t\t\t<\/div>\n\t\t\t\t<\/div>\n\t\t\t\t\t<\/div>\n\t\t<\/div>\n\t\t\t\t\t<\/div>\n\t\t<\/section>\n\t\t\t\t<\/div>\n\t\t","protected":false},"excerpt":{"rendered":"<h4 class=\"jsx-4129468047 product-brand\">SINTHESI L\u00cdNEA DESIGN S33<br \/>\nTomacorriente doble (toma americana simple + toma 3 en l\u00ednea simple) con protector en orificios de contacto para los ni\u00f1os con placa S33 color Arena<\/h4>\n<p><strong>El armado incluye:<\/strong><\/p>\n<ul>\n<li>(N\u00b01) &#8211; 1 M\u00f3dulo Tomacorriente simple americano con tierra 15A 250V color blanco Sinthesi S22 (C\u00f3digo 223901)<\/li>\n<li>(N\u00b02) &#8211; 1 M\u00f3dulo Tomacorriente 3 en l\u00ednea con tierra 10A 250V color blanco Sinthesi S22 (C\u00f3digo 223001)<\/li>\n<li>(N\u00b03) &#8211; 1 M\u00f3dulo Falso polo o dado ciego color blanco Sinthesi S22 (C\u00f3digo 224501)<\/li>\n<li>(N\u00b04) &#8211; 1 Placa S33 Sinthesi color Arena con soporte y tornillos de fijaci\u00f3n incluidos (C\u00f3digo 330313)<\/li>\n<\/ul>\n<p>El Armado se instala en una caja empotrada est\u00e1ndar de 4\u201dx2\u201d.<\/p>\n<p><strong>PLACAS S33 COLOR<\/strong><\/p>\n<ul>\n<li>Colores: Blanco, Plata, Carb\u00f3n, Piedra, Arena.<\/li>\n<\/ul>\n<p><strong>MODULOS S22<\/strong><\/p>\n<ul>\n<li>Colores: Blanco, Noir<\/li>\n<\/ul>\n<p><strong>Entrega:<\/strong> Inmediata.<\/p>\n","protected":false},"featured_media":9293,"template":"","meta":[],"product_brand":[],"product_cat":[28,66,64],"product_tag":[],"class_list":{"0":"post-9312","1":"product","2":"type-product","3":"status-publish","4":"has-post-thumbnail","6":"product_cat-placas","7":"product_cat-placas-armadas-sinthesi","8":"product_cat-todos","10":"first","11":"instock","12":"shipping-taxable","13":"purchasable","14":"product-type-simple"},"_links":{"self":[{"href":"https:\/\/sandayelectric.com\/index.php?rest_route=\/wp\/v2\/product\/9312","targetHints":{"allow":["GET"]}}],"collection":[{"href":"https:\/\/sandayelectric.com\/index.php?rest_route=\/wp\/v2\/product"}],"about":[{"href":"https:\/\/sandayelectric.com\/index.php?rest_route=\/wp\/v2\/types\/product"}],"version-history":[{"count":1,"href":"https:\/\/sandayelectric.com\/index.php?rest_route=\/wp\/v2\/product\/9312\/revisions"}],"predecessor-version":[{"id":9313,"href":"https:\/\/sandayelectric.com\/index.php?rest_route=\/wp\/v2\/product\/9312\/revisions\/9313"}],"wp:featuredmedia":[{"embeddable":true,"href":"https:\/\/sandayelectric.com\/index.php?rest_route=\/wp\/v2\/media\/9293"}],"wp:attachment":[{"href":"https:\/\/sandayelectric.com\/index.php?rest_route=%2Fwp%2Fv2%2Fmedia&parent=9312"}],"wp:term":[{"taxonomy":"product_brand","embeddable":true,"href":"https:\/\/sandayelectric.com\/index.php?rest_route=%2Fwp%2Fv2%2Fproduct_brand&post=9312"},{"taxonomy":"product_cat","embeddable":true,"href":"https:\/\/sandayelectric.com\/index.php?rest_route=%2Fwp%2Fv2%2Fproduct_cat&post=9312"},{"taxonomy":"product_tag","embeddable":true,"href":"https:\/\/sandayelectric.com\/index.php?rest_route=%2Fwp%2Fv2%2Fproduct_tag&post=9312"}],"curies":[{"name":"wp","href":"https:\/\/api.w.org\/{rel}","templated":true}]}}